{"id":7888,"date":"2023-08-01T15:40:47","date_gmt":"2023-08-01T15:40:47","guid":{"rendered":"https:\/\/hotelsotavento.info\/?page_id=7888"},"modified":"2024-06-21T21:18:14","modified_gmt":"2024-06-21T21:18:14","slug":"hotel-todo-incluido-en-cancun","status":"publish","type":"page","link":"https:\/\/hotelsotavento.info\/en\/hotel-todo-incluido-en-cancun\/","title":{"rendered":"Hoteles en Canc\u00fan Todo Incluido"},"content":{"rendered":"<div data-elementor-type=\"wp-page\" data-elementor-id=\"7888\" class=\"elementor elementor-7888\">\n\t\t\t\t\t\t<div class=\"elementor-inner\">\n\t\t\t\t<div class=\"elementor-section-wrap\">\n\t\t\t\t\t\t\t\t\t<section class=\"elementor-section elementor-top-section elementor-element elementor-element-30751a0 elementor-section-height-min-height elementor-section-items-bottom elementor-section-boxed elementor-section-height-default\" data-id=\"30751a0\" data-element_type=\"section\" data-settings=\"{&quot;background_background&quot;:&quot;classic&quot;,&quot;background_motion_fx_motion_fx_scrolling&quot;:&quot;yes&quot;,&quot;background_motion_fx_translateY_effect&quot;:&quot;yes&quot;,&quot;background_motion_fx_translateY_speed&quot;:{&quot;unit&quot;:&quot;px&quot;,&quot;size&quot;:5.9,&quot;sizes&quot;:[]},&quot;background_motion_fx_translateY_affectedRange&quot;:{&quot;unit&quot;:&quot;%&quot;,&quot;size&quot;:&quot;&quot;,&quot;sizes&quot;:{&quot;start&quot;:0,&quot;end&quot;:100}},&quot;background_motion_fx_devices&quot;:[&quot;desktop&quot;,&quot;tablet&quot;,&quot;mobile&quot;]}\">\n\t\t\t\t\t\t\t<div class=\"elementor-background-overlay\"><\/div>\n\t\t\t\t\t\t\t<div class=\"elementor-container elementor-column-gap-default\">\n\t\t\t\t\t\t\t<div class=\"elementor-row\">\n\t\t\t\t\t<div class=\"elementor-column elementor-col-100 elementor-top-column elementor-element elementor-element-c8e4f12\" data-id=\"c8e4f12\" data-element_type=\"column\">\n\t\t\t<div class=\"elementor-column-wrap\">\n\t\t\t\t\t\t\t<div class=\"elementor-widget-wrap\">\n\t\t\t\t\t\t\t\t<\/div>\n\t\t\t\t\t<\/div>\n\t\t<\/div>\n\t\t\t\t\t\t\t\t<\/div>\n\t\t\t\t\t<\/div>\n\t\t<\/section>\n\t\t\t\t<section class=\"elementor-section elementor-top-section elementor-element elementor-element-45d4ace elementor-section-boxed elementor-section-height-default elementor-section-height-default\" data-id=\"45d4ace\" data-element_type=\"section\" data-settings=\"{&quot;background_background&quot;:&quot;classic&quot;}\">\n\t\t\t\t\t\t<div class=\"elementor-container elementor-column-gap-default\">\n\t\t\t\t\t\t\t<div class=\"elementor-row\">\n\t\t\t\t\t<div class=\"elementor-column elementor-col-100 elementor-top-column elementor-element elementor-element-6233cdb\" data-id=\"6233cdb\" data-element_type=\"column\">\n\t\t\t<div class=\"elementor-column-wrap elementor-element-populated\">\n\t\t\t\t\t\t\t<div class=\"elementor-widget-wrap\">\n\t\t\t\t\t\t<div class=\"elementor-element elementor-element-63c4de8 elementor-widget elementor-widget-heading\" data-id=\"63c4de8\" data-element_type=\"widget\" data-widget_type=\"heading.default\">\n\t\t\t\t<div class=\"elementor-widget-container\">\n\t\t\t<h1 class=\"elementor-heading-title elementor-size-default\"><br> <strong>All Inclusive Hotel in Canc\u00fan<\/strong> <\/h1>\t\t<\/div>\n\t\t\t\t<\/div>\n\t\t\t\t\t\t<\/div>\n\t\t\t\t\t<\/div>\n\t\t<\/div>\n\t\t\t\t\t\t\t\t<\/div>\n\t\t\t\t\t<\/div>\n\t\t<\/section>\n\t\t\t\t<section class=\"elementor-section elementor-top-section elementor-element elementor-element-2798eda elementor-section-boxed elementor-section-height-default elementor-section-height-default\" data-id=\"2798eda\" data-element_type=\"section\" data-settings=\"{&quot;background_background&quot;:&quot;classic&quot;}\">\n\t\t\t\t\t\t<div class=\"elementor-container elementor-column-gap-default\">\n\t\t\t\t\t\t\t<div class=\"elementor-row\">\n\t\t\t\t\t<div class=\"elementor-column elementor-col-50 elementor-top-column elementor-element elementor-element-c0dcea8\" data-id=\"c0dcea8\" data-element_type=\"column\">\n\t\t\t<div class=\"elementor-column-wrap elementor-element-populated\">\n\t\t\t\t\t\t\t<div class=\"elementor-widget-wrap\">\n\t\t\t\t\t\t<div class=\"elementor-element elementor-element-87c528c elementor--h-position-center elementor--v-position-middle elementor-arrows-position-inside elementor-pagination-position-inside elementor-widget elementor-widget-slides\" data-id=\"87c528c\" data-element_type=\"widget\" data-settings=\"{&quot;navigation&quot;:&quot;both&quot;,&quot;autoplay&quot;:&quot;yes&quot;,&quot;pause_on_hover&quot;:&quot;yes&quot;,&quot;pause_on_interaction&quot;:&quot;yes&quot;,&quot;autoplay_speed&quot;:5000,&quot;infinite&quot;:&quot;yes&quot;,&quot;transition&quot;:&quot;slide&quot;,&quot;transition_speed&quot;:500}\" data-widget_type=\"slides.default\">\n\t\t\t\t<div class=\"elementor-widget-container\">\n\t\t\t\t\t<div class=\"elementor-swiper\">\n\t\t\t<div class=\"elementor-slides-wrapper elementor-main-swiper swiper-container\" dir=\"ltr\" data-animation=\"fadeInUp\">\n\t\t\t\t<div class=\"swiper-wrapper elementor-slides\">\n\t\t\t\t\t\t\t\t\t\t<div class=\"elementor-repeater-item-e94dc1a swiper-slide\"><div class=\"swiper-slide-bg\"><\/div><div class=\"elementor-background-overlay\"><\/div><a class=\"swiper-slide-inner\" href=\"#hotel\"><div class=\"swiper-slide-contents\"><div class=\"elementor-slide-heading\">All inclusive<\/div><div class=\"elementor-slide-description\">Relax and explore all that this Caribbean destination has to offer.<\/div><div  class=\"elementor-button elementor-slide-button elementor-size-sm\">BOOK NOW<\/div><\/div><\/a><\/div><div class=\"elementor-repeater-item-58c120d swiper-slide\"><div class=\"swiper-slide-bg\"><\/div><div class=\"elementor-background-overlay\"><\/div><a class=\"swiper-slide-inner\" href=\"#hotel\"><div class=\"swiper-slide-contents\"><div class=\"elementor-slide-heading\">All inclusive<\/div><div class=\"elementor-slide-description\">Relax and explore all that this Caribbean destination has to offer.<\/div><div  class=\"elementor-button elementor-slide-button elementor-size-sm\">BOOK NOW<\/div><\/div><\/a><\/div><div class=\"elementor-repeater-item-286c546 swiper-slide\"><div class=\"swiper-slide-bg\"><\/div><div class=\"elementor-background-overlay\"><\/div><a class=\"swiper-slide-inner\" href=\"#hotel\"><div class=\"swiper-slide-contents\"><div class=\"elementor-slide-heading\">All inclusive<\/div><div class=\"elementor-slide-description\">Relax and explore all that this Caribbean destination has to offer.<\/div><div  class=\"elementor-button elementor-slide-button elementor-size-sm\">BOOK NOW<\/div><\/div><\/a><\/div><div class=\"elementor-repeater-item-238c0bf swiper-slide\"><div class=\"swiper-slide-bg\"><\/div><div class=\"elementor-background-overlay\"><\/div><a class=\"swiper-slide-inner\" href=\"#hotel\"><div class=\"swiper-slide-contents\"><div class=\"elementor-slide-heading\">All inclusive<\/div><div class=\"elementor-slide-description\">Relax and explore all that this Caribbean destination has to offer.<\/div><div  class=\"elementor-button elementor-slide-button elementor-size-sm\">BOOK NOW<\/div><\/div><\/a><\/div>\t\t\t\t<\/div>\n\t\t\t\t\t\t\t\t\t\t\t\t\t\t\t<div class=\"swiper-pagination\"><\/div>\n\t\t\t\t\t\t\t\t\t\t\t\t\t\t\t\t<div class=\"elementor-swiper-button elementor-swiper-button-prev\">\n\t\t\t\t\t\t\t<i aria-hidden=\"true\" class=\"eicon-chevron-left\"><\/i>\t\t\t\t\t\t\t<span class=\"elementor-screen-only\">Previous<\/span>\n\t\t\t\t\t\t<\/div>\n\t\t\t\t\t\t<div class=\"elementor-swiper-button elementor-swiper-button-next\">\n\t\t\t\t\t\t\t<i aria-hidden=\"true\" class=\"eicon-chevron-right\"><\/i>\t\t\t\t\t\t\t<span class=\"elementor-screen-only\">Next<\/span>\n\t\t\t\t\t\t<\/div>\n\t\t\t\t\t\t\t\t\t\t\t\t<\/div>\n\t\t<\/div>\n\t\t\t\t<\/div>\n\t\t\t\t<\/div>\n\t\t\t\t\t\t<\/div>\n\t\t\t\t\t<\/div>\n\t\t<\/div>\n\t\t\t\t<div class=\"elementor-column elementor-col-50 elementor-top-column elementor-element elementor-element-b23c57e\" data-id=\"b23c57e\" data-element_type=\"column\">\n\t\t\t<div class=\"elementor-column-wrap elementor-element-populated\">\n\t\t\t\t\t\t\t<div class=\"elementor-widget-wrap\">\n\t\t\t\t\t\t<div class=\"elementor-element elementor-element-e39f3ba elementor-widget elementor-widget-heading\" data-id=\"e39f3ba\" data-element_type=\"widget\" data-widget_type=\"heading.default\">\n\t\t\t\t<div class=\"elementor-widget-container\">\n\t\t\t<h2 class=\"elementor-heading-title elementor-size-default\">About this experience<\/h2>\t\t<\/div>\n\t\t\t\t<\/div>\n\t\t\t\t<div class=\"elementor-element elementor-element-6c25e07 elementor-widget-divider--view-line elementor-widget elementor-widget-divider\" data-id=\"6c25e07\" data-element_type=\"widget\" data-widget_type=\"divider.default\">\n\t\t\t\t<div class=\"elementor-widget-container\">\n\t\t\t\t\t<div class=\"elementor-divider\">\n\t\t\t<span class=\"elementor-divider-separator\">\n\t\t\t\t\t\t<\/span>\n\t\t<\/div>\n\t\t\t\t<\/div>\n\t\t\t\t<\/div>\n\t\t\t\t<div class=\"elementor-element elementor-element-f1a25ef elementor-widget elementor-widget-text-editor\" data-id=\"f1a25ef\" data-element_type=\"widget\" data-widget_type=\"text-editor.default\">\n\t\t\t\t<div class=\"elementor-widget-container\">\n\t\t\t\t\t\t\t\t<div class=\"elementor-text-editor elementor-clearfix\">\n\t\t\t\t<p><span style=\"font-weight: 400;\">Discover a world of <strong>comfort and luxury<\/strong> in the most desirable destination in the Mexican Caribbean!<\/span><\/p><p>\u00a0<\/p><p><span style=\"font-weight: 400;\">At Hotel Sotavento we offer you the best lodging experience, along with the opportunity to <strong>complement your stay<\/strong> with <strong>an all-inclusive hotel.\u00a0<\/strong><\/span><\/p><p>\u00a0<\/p><p><span style=\"font-weight: 400;\">We take care of booking for you, ensuring the best prices and the most complete services.\u00a0<\/span><\/p><p>\u00a0<\/p><p><span style=\"font-weight: 400;\">So, don't let this unique opportunity pass you by! Make your reservation at Hotel Sotavento and get ready to live a unique experience in Cancun.<\/span><\/p>\t\t\t\t\t<\/div>\n\t\t\t\t\t\t<\/div>\n\t\t\t\t<\/div>\n\t\t\t\t\t\t<\/div>\n\t\t\t\t\t<\/div>\n\t\t<\/div>\n\t\t\t\t\t\t\t\t<\/div>\n\t\t\t\t\t<\/div>\n\t\t<\/section>\n\t\t\t\t<section class=\"elementor-section elementor-top-section elementor-element elementor-element-0799f16 elementor-section-boxed elementor-section-height-default elementor-section-height-default\" data-id=\"0799f16\" data-element_type=\"section\" data-settings=\"{&quot;background_background&quot;:&quot;classic&quot;}\">\n\t\t\t\t\t\t<div class=\"elementor-container elementor-column-gap-default\">\n\t\t\t\t\t\t\t<div class=\"elementor-row\">\n\t\t\t\t\t<div class=\"elementor-column elementor-col-100 elementor-top-column elementor-element elementor-element-26778ac\" data-id=\"26778ac\" data-element_type=\"column\">\n\t\t\t<div class=\"elementor-column-wrap elementor-element-populated\">\n\t\t\t\t\t\t\t<div class=\"elementor-widget-wrap\">\n\t\t\t\t\t\t<div class=\"elementor-element elementor-element-9be2217 elementor-widget elementor-widget-menu-anchor\" data-id=\"9be2217\" data-element_type=\"widget\" data-widget_type=\"menu-anchor.default\">\n\t\t\t\t<div class=\"elementor-widget-container\">\n\t\t\t\t\t<div id=\"hotel\" class=\"elementor-menu-anchor\"><\/div>\n\t\t\t\t<\/div>\n\t\t\t\t<\/div>\n\t\t\t\t<div class=\"elementor-element elementor-element-81afb67 elementor-widget elementor-widget-text-editor\" data-id=\"81afb67\" data-element_type=\"widget\" data-widget_type=\"text-editor.default\">\n\t\t\t\t<div class=\"elementor-widget-container\">\n\t\t\t\t\t\t\t\t<div class=\"elementor-text-editor elementor-clearfix\">\n\t\t\t\t<p style=\"text-align: center;\">This package is subject to restrictions*.<\/p>\t\t\t\t\t<\/div>\n\t\t\t\t\t\t<\/div>\n\t\t\t\t<\/div>\n\t\t\t\t<div class=\"elementor-element elementor-element-a586677 elementor-align-center elementor-widget elementor-widget-button\" data-id=\"a586677\" data-element_type=\"widget\" data-widget_type=\"button.default\">\n\t\t\t\t<div class=\"elementor-widget-container\">\n\t\t\t\t\t<div class=\"elementor-button-wrapper\">\n\t\t\t<a href=\"https:\/\/wa.link\/15jl1b\" target=\"_blank\" class=\"elementor-button-link elementor-button elementor-size-lg\" role=\"button\">\n\t\t\t\t\t\t<span class=\"elementor-button-content-wrapper\">\n\t\t\t\t\t\t<span class=\"elementor-button-text\">GET PERSONALIZED ASSISTANCE<\/span>\n\t\t<\/span>\n\t\t\t\t\t<\/a>\n\t\t<\/div>\n\t\t\t\t<\/div>\n\t\t\t\t<\/div>\n\t\t\t\t\t\t<\/div>\n\t\t\t\t\t<\/div>\n\t\t<\/div>\n\t\t\t\t\t\t\t\t<\/div>\n\t\t\t\t\t<\/div>\n\t\t<\/section>\n\t\t\t\t\t\t\t\t\t<\/div>\n\t\t\t<\/div>\n\t\t\t\t\t<\/div>","protected":false},"excerpt":{"rendered":"<p>Hotel Todo Incluido en Canc\u00fan Todo incluidoRel\u00e1jate y explora todo lo que este destino caribe\u00f1o tiene para ofrecerRESERVARTodo incluidoRel\u00e1jate y explora todo lo que este destino caribe\u00f1o tiene para ofrecerRESERVARTodo incluidoRel\u00e1jate y explora todo lo que este destino caribe\u00f1o tiene para ofrecerRESERVARTodo incluidoRel\u00e1jate y explora todo lo que este destino caribe\u00f1o tiene para ofrecerRESERVAR Previous&hellip; <a class=\"more-link\" href=\"https:\/\/hotelsotavento.info\/en\/hotel-todo-incluido-en-cancun\/\">Continue reading <span class=\"screen-reader-text\">Hoteles en Canc\u00fan Todo Incluido<\/span><\/a><\/p>","protected":false},"author":1,"featured_media":7883,"parent":0,"menu_order":0,"comment_status":"closed","ping_status":"closed","template":"elementor_header_footer","meta":[],"yoast_head":"<!-- This site is optimized with the Yoast SEO plugin v18.6 - https:\/\/yoast.com\/wordpress\/plugins\/seo\/ -->\n<title>Hoteles en Canc\u00fan Todo Incluido | Hotel Sotavento &amp; Yatch Club Canc\u00fan<\/title>\n<meta name=\"description\" content=\"Hotel Sotavento te ayuda a completar tu experiencia de hospedaje reservando para ti los mejores hoteles todo incluido en Canc\u00fan.\" \/>\n<meta name=\"robots\" content=\"index, follow, max-snippet:-1, max-image-preview:large, max-video-preview:-1\" \/>\n<link rel=\"canonical\" href=\"https:\/\/hotelsotavento.info\/en\/hotel-todo-incluido-en-cancun\/\" \/>\n<meta property=\"og:locale\" content=\"en_US\" \/>\n<meta property=\"og:type\" content=\"article\" \/>\n<meta property=\"og:title\" content=\"Hoteles en Canc\u00fan Todo Incluido | Hotel Sotavento &amp; Yatch Club Canc\u00fan\" \/>\n<meta property=\"og:description\" content=\"Hotel Sotavento te ayuda a completar tu experiencia de hospedaje reservando para ti los mejores hoteles todo incluido en Canc\u00fan.\" \/>\n<meta property=\"og:url\" content=\"https:\/\/hotelsotavento.info\/en\/hotel-todo-incluido-en-cancun\/\" \/>\n<meta property=\"og:site_name\" content=\"Sotavento\" \/>\n<meta property=\"article:modified_time\" content=\"2024-06-21T21:18:14+00:00\" \/>\n<meta property=\"og:image\" content=\"https:\/\/hotelsotavento.info\/wp-content\/uploads\/2023\/08\/Todo-incluido-reserva-con-sotavento.png\" \/>\n\t<meta property=\"og:image:width\" content=\"2640\" \/>\n\t<meta property=\"og:image:height\" content=\"1000\" \/>\n\t<meta property=\"og:image:type\" content=\"image\/png\" \/>\n<meta name=\"twitter:card\" content=\"summary_large_image\" \/>\n<meta name=\"twitter:title\" content=\"Hoteles en Canc\u00fan Todo Incluido | Hotel Sotavento &amp; Yatch Club Canc\u00fan\" \/>\n<meta name=\"twitter:description\" content=\"Hotel Sotavento te ayuda a completar tu experiencia de hospedaje reservando para ti los mejores hoteles todo incluido en Canc\u00fan.\" \/>\n<meta name=\"twitter:image\" content=\"https:\/\/hotelsotavento.info\/wp-content\/uploads\/2023\/08\/Todo-incluido-reserva-con-sotavento.png\" \/>\n<meta name=\"twitter:label1\" content=\"Est. reading time\" \/>\n\t<meta name=\"twitter:data1\" content=\"1 minute\" \/>\n<script type=\"application\/ld+json\" class=\"yoast-schema-graph\">{\"@context\":\"https:\/\/schema.org\",\"@graph\":[{\"@type\":\"WebSite\",\"@id\":\"https:\/\/hotelsotavento.info\/#website\",\"url\":\"https:\/\/hotelsotavento.info\/\",\"name\":\"Sotavento\",\"description\":\"Otro sitio realizado con WordPress\",\"potentialAction\":[{\"@type\":\"SearchAction\",\"target\":{\"@type\":\"EntryPoint\",\"urlTemplate\":\"https:\/\/hotelsotavento.info\/?s={search_term_string}\"},\"query-input\":\"required name=search_term_string\"}],\"inLanguage\":\"en-US\"},{\"@type\":\"ImageObject\",\"@id\":\"https:\/\/hotelsotavento.info\/hotel-todo-incluido-en-cancun\/#primaryimage\",\"inLanguage\":\"en-US\",\"url\":\"https:\/\/hotelsotavento.info\/wp-content\/uploads\/2023\/08\/Todo-incluido-reserva-con-sotavento.png\",\"contentUrl\":\"https:\/\/hotelsotavento.info\/wp-content\/uploads\/2023\/08\/Todo-incluido-reserva-con-sotavento.png\",\"width\":2640,\"height\":1000,\"caption\":\"Hoteles todo incluido en Canc\u00fan\"},{\"@type\":\"WebPage\",\"@id\":\"https:\/\/hotelsotavento.info\/hotel-todo-incluido-en-cancun\/#webpage\",\"url\":\"https:\/\/hotelsotavento.info\/hotel-todo-incluido-en-cancun\/\",\"name\":\"Hoteles en Canc\u00fan Todo Incluido | Hotel Sotavento & Yatch Club Canc\u00fan\",\"isPartOf\":{\"@id\":\"https:\/\/hotelsotavento.info\/#website\"},\"primaryImageOfPage\":{\"@id\":\"https:\/\/hotelsotavento.info\/hotel-todo-incluido-en-cancun\/#primaryimage\"},\"datePublished\":\"2023-08-01T15:40:47+00:00\",\"dateModified\":\"2024-06-21T21:18:14+00:00\",\"description\":\"Hotel Sotavento te ayuda a completar tu experiencia de hospedaje reservando para ti los mejores hoteles todo incluido en Canc\u00fan.\",\"breadcrumb\":{\"@id\":\"https:\/\/hotelsotavento.info\/hotel-todo-incluido-en-cancun\/#breadcrumb\"},\"inLanguage\":\"en-US\",\"potentialAction\":[{\"@type\":\"ReadAction\",\"target\":[\"https:\/\/hotelsotavento.info\/hotel-todo-incluido-en-cancun\/\"]}]},{\"@type\":\"BreadcrumbList\",\"@id\":\"https:\/\/hotelsotavento.info\/hotel-todo-incluido-en-cancun\/#breadcrumb\",\"itemListElement\":[{\"@type\":\"ListItem\",\"position\":1,\"name\":\"Portada\",\"item\":\"https:\/\/hotelsotavento.info\/\"},{\"@type\":\"ListItem\",\"position\":2,\"name\":\"Hoteles en Canc\u00fan Todo Incluido\"}]}]}<\/script>\n<!-- \/ Yoast SEO plugin. -->","yoast_head_json":{"title":"Hoteles en Canc\u00fan Todo Incluido | Hotel Sotavento & Yatch Club Canc\u00fan","description":"Hotel Sotavento te ayuda a completar tu experiencia de hospedaje reservando para ti los mejores hoteles todo incluido en Canc\u00fan.","robots":{"index":"index","follow":"follow","max-snippet":"max-snippet:-1","max-image-preview":"max-image-preview:large","max-video-preview":"max-video-preview:-1"},"canonical":"https:\/\/hotelsotavento.info\/en\/hotel-todo-incluido-en-cancun\/","og_locale":"en_US","og_type":"article","og_title":"Hoteles en Canc\u00fan Todo Incluido | Hotel Sotavento & Yatch Club Canc\u00fan","og_description":"Hotel Sotavento te ayuda a completar tu experiencia de hospedaje reservando para ti los mejores hoteles todo incluido en Canc\u00fan.","og_url":"https:\/\/hotelsotavento.info\/en\/hotel-todo-incluido-en-cancun\/","og_site_name":"Sotavento","article_modified_time":"2024-06-21T21:18:14+00:00","og_image":[{"width":2640,"height":1000,"url":"https:\/\/hotelsotavento.info\/wp-content\/uploads\/2023\/08\/Todo-incluido-reserva-con-sotavento.png","type":"image\/png"}],"twitter_card":"summary_large_image","twitter_title":"Hoteles en Canc\u00fan Todo Incluido | Hotel Sotavento & Yatch Club Canc\u00fan","twitter_description":"Hotel Sotavento te ayuda a completar tu experiencia de hospedaje reservando para ti los mejores hoteles todo incluido en Canc\u00fan.","twitter_image":"https:\/\/hotelsotavento.info\/wp-content\/uploads\/2023\/08\/Todo-incluido-reserva-con-sotavento.png","twitter_misc":{"Est. reading time":"1 minute"},"schema":{"@context":"https:\/\/schema.org","@graph":[{"@type":"WebSite","@id":"https:\/\/hotelsotavento.info\/#website","url":"https:\/\/hotelsotavento.info\/","name":"Sotavento","description":"Otro sitio realizado con WordPress","potentialAction":[{"@type":"SearchAction","target":{"@type":"EntryPoint","urlTemplate":"https:\/\/hotelsotavento.info\/?s={search_term_string}"},"query-input":"required name=search_term_string"}],"inLanguage":"en-US"},{"@type":"ImageObject","@id":"https:\/\/hotelsotavento.info\/hotel-todo-incluido-en-cancun\/#primaryimage","inLanguage":"en-US","url":"https:\/\/hotelsotavento.info\/wp-content\/uploads\/2023\/08\/Todo-incluido-reserva-con-sotavento.png","contentUrl":"https:\/\/hotelsotavento.info\/wp-content\/uploads\/2023\/08\/Todo-incluido-reserva-con-sotavento.png","width":2640,"height":1000,"caption":"Hoteles todo incluido en Canc\u00fan"},{"@type":"WebPage","@id":"https:\/\/hotelsotavento.info\/hotel-todo-incluido-en-cancun\/#webpage","url":"https:\/\/hotelsotavento.info\/hotel-todo-incluido-en-cancun\/","name":"Hoteles en Canc\u00fan Todo Incluido | Hotel Sotavento & Yatch Club Canc\u00fan","isPartOf":{"@id":"https:\/\/hotelsotavento.info\/#website"},"primaryImageOfPage":{"@id":"https:\/\/hotelsotavento.info\/hotel-todo-incluido-en-cancun\/#primaryimage"},"datePublished":"2023-08-01T15:40:47+00:00","dateModified":"2024-06-21T21:18:14+00:00","description":"Hotel Sotavento te ayuda a completar tu experiencia de hospedaje reservando para ti los mejores hoteles todo incluido en Canc\u00fan.","breadcrumb":{"@id":"https:\/\/hotelsotavento.info\/hotel-todo-incluido-en-cancun\/#breadcrumb"},"inLanguage":"en-US","potentialAction":[{"@type":"ReadAction","target":["https:\/\/hotelsotavento.info\/hotel-todo-incluido-en-cancun\/"]}]},{"@type":"BreadcrumbList","@id":"https:\/\/hotelsotavento.info\/hotel-todo-incluido-en-cancun\/#breadcrumb","itemListElement":[{"@type":"ListItem","position":1,"name":"Portada","item":"https:\/\/hotelsotavento.info\/"},{"@type":"ListItem","position":2,"name":"Hoteles en Canc\u00fan Todo Incluido"}]}]}},"_links":{"self":[{"href":"https:\/\/hotelsotavento.info\/en\/wp-json\/wp\/v2\/pages\/7888"}],"collection":[{"href":"https:\/\/hotelsotavento.info\/en\/wp-json\/wp\/v2\/pages"}],"about":[{"href":"https:\/\/hotelsotavento.info\/en\/wp-json\/wp\/v2\/types\/page"}],"author":[{"embeddable":true,"href":"https:\/\/hotelsotavento.info\/en\/wp-json\/wp\/v2\/users\/1"}],"replies":[{"embeddable":true,"href":"https:\/\/hotelsotavento.info\/en\/wp-json\/wp\/v2\/comments?post=7888"}],"version-history":[{"count":24,"href":"https:\/\/hotelsotavento.info\/en\/wp-json\/wp\/v2\/pages\/7888\/revisions"}],"predecessor-version":[{"id":11266,"href":"https:\/\/hotelsotavento.info\/en\/wp-json\/wp\/v2\/pages\/7888\/revisions\/11266"}],"wp:featuredmedia":[{"embeddable":true,"href":"https:\/\/hotelsotavento.info\/en\/wp-json\/wp\/v2\/media\/7883"}],"wp:attachment":[{"href":"https:\/\/hotelsotavento.info\/en\/wp-json\/wp\/v2\/media?parent=7888"}],"curies":[{"name":"wp","href":"https:\/\/api.w.org\/{rel}","templated":true}]}}