{"id":16,"date":"2021-01-10T03:48:07","date_gmt":"2021-01-10T03:48:07","guid":{"rendered":"https:\/\/hotelsotavento.info\/?page_id=16"},"modified":"2022-04-25T23:16:25","modified_gmt":"2022-04-25T23:16:25","slug":"contacto","status":"publish","type":"page","link":"https:\/\/hotelsotavento.info\/en\/contacto\/","title":{"rendered":"Contact Us"},"content":{"rendered":"<div data-elementor-type=\"wp-page\" data-elementor-id=\"16\" class=\"elementor elementor-16\">\n\t\t\t\t\t\t<div class=\"elementor-inner\">\n\t\t\t\t<div class=\"elementor-section-wrap\">\n\t\t\t\t\t\t\t\t\t<section class=\"elementor-section elementor-top-section elementor-element elementor-element-f745dda elementor-section-boxed elementor-section-height-default elementor-section-height-default\" data-id=\"f745dda\" data-element_type=\"section\" data-settings=\"{&quot;background_background&quot;:&quot;classic&quot;}\">\n\t\t\t\t\t\t<div class=\"elementor-container elementor-column-gap-default\">\n\t\t\t\t\t\t\t<div class=\"elementor-row\">\n\t\t\t\t\t<div class=\"elementor-column elementor-col-100 elementor-top-column elementor-element elementor-element-68dda5e\" data-id=\"68dda5e\" data-element_type=\"column\">\n\t\t\t<div class=\"elementor-column-wrap elementor-element-populated\">\n\t\t\t\t\t\t\t<div class=\"elementor-widget-wrap\">\n\t\t\t\t\t\t<div class=\"elementor-element elementor-element-0052b33 elementor-widget elementor-widget-heading\" data-id=\"0052b33\" data-element_type=\"widget\" data-widget_type=\"heading.default\">\n\t\t\t\t<div class=\"elementor-widget-container\">\n\t\t\t<h1 class=\"elementor-heading-title elementor-size-default\">Hotel <br> <strong>Sotavento &amp; Yacht Club<\/strong> Canc\u00fan<\/h1>\t\t<\/div>\n\t\t\t\t<\/div>\n\t\t\t\t<div class=\"elementor-element elementor-element-8f7c1da elementor-widget-divider--view-line_text elementor-widget-divider--element-align-center elementor-widget elementor-widget-divider\" data-id=\"8f7c1da\" data-element_type=\"widget\" data-widget_type=\"divider.default\">\n\t\t\t\t<div class=\"elementor-widget-container\">\n\t\t\t\t\t<div class=\"elementor-divider\">\n\t\t\t<span class=\"elementor-divider-separator\">\n\t\t\t\t\t\t\t<span class=\"elementor-divider__text elementor-divider__element\">\n\t\t\t\tGet in touch with us\t\t\t\t<\/span>\n\t\t\t\t\t\t<\/span>\n\t\t<\/div>\n\t\t\t\t<\/div>\n\t\t\t\t<\/div>\n\t\t\t\t\t\t<\/div>\n\t\t\t\t\t<\/div>\n\t\t<\/div>\n\t\t\t\t\t\t\t\t<\/div>\n\t\t\t\t\t<\/div>\n\t\t<\/section>\n\t\t\t\t<section class=\"elementor-section elementor-top-section elementor-element elementor-element-1f134d4e elementor-section-content-middle elementor-section-boxed elementor-section-height-default elementor-section-height-default\" data-id=\"1f134d4e\" data-element_type=\"section\" data-settings=\"{&quot;background_background&quot;:&quot;classic&quot;}\">\n\t\t\t\t\t\t\t<div class=\"elementor-background-overlay\"><\/div>\n\t\t\t\t\t\t\t<div class=\"elementor-container elementor-column-gap-no\">\n\t\t\t\t\t\t\t<div class=\"elementor-row\">\n\t\t\t\t\t<div class=\"elementor-column elementor-col-50 elementor-top-column elementor-element elementor-element-6aebd0df\" data-id=\"6aebd0df\" data-element_type=\"column\">\n\t\t\t<div class=\"elementor-column-wrap elementor-element-populated\">\n\t\t\t\t\t\t\t<div class=\"elementor-widget-wrap\">\n\t\t\t\t\t\t<div class=\"elementor-element elementor-element-5be5fb7e elementor-widget elementor-widget-heading\" data-id=\"5be5fb7e\" data-element_type=\"widget\" data-widget_type=\"heading.default\">\n\t\t\t\t<div class=\"elementor-widget-container\">\n\t\t\t<h2 class=\"elementor-heading-title elementor-size-default\">Contact us<\/h2>\t\t<\/div>\n\t\t\t\t<\/div>\n\t\t\t\t<div class=\"elementor-element elementor-element-94df77f elementor-widget elementor-widget-text-editor\" data-id=\"94df77f\" data-element_type=\"widget\" data-widget_type=\"text-editor.default\">\n\t\t\t\t<div class=\"elementor-widget-container\">\n\t\t\t\t\t\t\t\t<div class=\"elementor-text-editor elementor-clearfix\">\n\t\t\t\tGet in touch with us\t\t\t\t\t<\/div>\n\t\t\t\t\t\t<\/div>\n\t\t\t\t<\/div>\n\t\t\t\t<div class=\"elementor-element elementor-element-1a45cd22 elementor-button-align-stretch elementor-widget elementor-widget-form\" data-id=\"1a45cd22\" data-element_type=\"widget\" data-settings=\"{&quot;step_next_label&quot;:&quot;Next&quot;,&quot;step_previous_label&quot;:&quot;Previous&quot;,&quot;button_width&quot;:&quot;100&quot;,&quot;step_type&quot;:&quot;number_text&quot;,&quot;step_icon_shape&quot;:&quot;circle&quot;}\" data-widget_type=\"form.default\">\n\t\t\t\t<div class=\"elementor-widget-container\">\n\t\t\t\t\t<form class=\"elementor-form\" method=\"post\" name=\"New Form\">\n\t\t\t<input type=\"hidden\" name=\"post_id\" value=\"16\"\/>\n\t\t\t<input type=\"hidden\" name=\"form_id\" value=\"1a45cd22\"\/>\n\t\t\t<input type=\"hidden\" name=\"referer_title\" value=\"Sotavento\" \/>\n\n\t\t\t\n\t\t\t<div class=\"elementor-form-fields-wrapper elementor-labels-\">\n\t\t\t\t\t\t\t\t<div class=\"elementor-field-type-text elementor-field-group elementor-column elementor-field-group-name elementor-col-100\">\n\t\t\t\t\t\t\t\t\t\t\t\t<label for=\"form-field-name\" class=\"elementor-field-label elementor-screen-only\">\n\t\t\t\t\t\t\t\tName\t\t\t\t\t\t\t<\/label>\n\t\t\t\t\t\t\t\t\t\t\t\t\t\t<input size=\"1\" type=\"text\" name=\"form_fields[name]\" id=\"form-field-name\" class=\"elementor-field elementor-size-sm  elementor-field-textual\" placeholder=\"Name\">\n\t\t\t\t\t\t\t\t\t\t\t<\/div>\n\t\t\t\t\t\t\t\t<div class=\"elementor-field-type-email elementor-field-group elementor-column elementor-field-group-email elementor-col-100 elementor-field-required\">\n\t\t\t\t\t\t\t\t\t\t\t\t<label for=\"form-field-email\" class=\"elementor-field-label elementor-screen-only\">\n\t\t\t\t\t\t\t\tEmail\t\t\t\t\t\t\t<\/label>\n\t\t\t\t\t\t\t\t\t\t\t\t\t\t<input size=\"1\" type=\"email\" name=\"form_fields[email]\" id=\"form-field-email\" class=\"elementor-field elementor-size-sm  elementor-field-textual\" placeholder=\"Email\" required=\"required\" aria-required=\"true\">\n\t\t\t\t\t\t\t\t\t\t\t<\/div>\n\t\t\t\t\t\t\t\t<div class=\"elementor-field-type-tel elementor-field-group elementor-column elementor-field-group-field_f7053ba elementor-col-100 elementor-field-required\">\n\t\t\t\t\t\t\t\t\t\t\t\t<label for=\"form-field-field_f7053ba\" class=\"elementor-field-label elementor-screen-only\">\n\t\t\t\t\t\t\t\tPhone\t\t\t\t\t\t\t<\/label>\n\t\t\t\t\t\t\t\t<input size=\"1\" type=\"tel\" name=\"form_fields[field_f7053ba]\" id=\"form-field-field_f7053ba\" class=\"elementor-field elementor-size-sm  elementor-field-textual\" placeholder=\"Phone\" required=\"required\" aria-required=\"true\" pattern=\"[0-9()#&amp;+*-=.]+\" title=\"Only numbers and phone characters (#, -, *, etc) are accepted.\">\n\n\t\t\t\t\t\t<\/div>\n\t\t\t\t\t\t\t\t<div class=\"elementor-field-type-textarea elementor-field-group elementor-column elementor-field-group-message elementor-col-100\">\n\t\t\t\t\t\t\t\t\t\t\t\t<label for=\"form-field-message\" class=\"elementor-field-label elementor-screen-only\">\n\t\t\t\t\t\t\t\tMessage\t\t\t\t\t\t\t<\/label>\n\t\t\t\t\t\t<textarea class=\"elementor-field-textual elementor-field  elementor-size-sm\" name=\"form_fields[message]\" id=\"form-field-message\" rows=\"4\" placeholder=\"My message\"><\/textarea>\t\t\t\t<\/div>\n\t\t\t\t\t\t\t\t<div class=\"elementor-field-group elementor-column elementor-field-type-submit elementor-col-100 e-form__buttons\">\n\t\t\t\t\t<button type=\"submit\" class=\"elementor-button elementor-size-md\">\n\t\t\t\t\t\t<span >\n\t\t\t\t\t\t\t\t\t\t\t\t\t\t\t<span class=\"elementor-button-icon\">\n\t\t\t\t\t\t\t\t\t\t\t\t\t\t\t\t\t\t\t\t\t\t\t\t\t\t<\/span>\n\t\t\t\t\t\t\t\t\t\t\t\t\t\t\t\t\t\t\t\t\t\t<span class=\"elementor-button-text\">Send comments<\/span>\n\t\t\t\t\t\t\t\t\t\t\t\t\t<\/span>\n\t\t\t\t\t<\/button>\n\t\t\t\t<\/div>\n\t\t\t<\/div>\n\t\t<input type=\"hidden\" name=\"trp-form-language\" value=\"en\"\/><\/form>\n\t\t\t\t<\/div>\n\t\t\t\t<\/div>\n\t\t\t\t\t\t<\/div>\n\t\t\t\t\t<\/div>\n\t\t<\/div>\n\t\t\t\t<div class=\"elementor-column elementor-col-50 elementor-top-column elementor-element elementor-element-7f3e1f7e\" data-id=\"7f3e1f7e\" data-element_type=\"column\" data-settings=\"{&quot;background_background&quot;:&quot;classic&quot;}\">\n\t\t\t<div class=\"elementor-column-wrap elementor-element-populated\">\n\t\t\t\t\t\t\t<div class=\"elementor-widget-wrap\">\n\t\t\t\t\t\t<div class=\"elementor-element elementor-element-1ad2fe3 elementor-widget elementor-widget-google_maps\" data-id=\"1ad2fe3\" data-element_type=\"widget\" data-widget_type=\"google_maps.default\">\n\t\t\t\t<div class=\"elementor-widget-container\">\n\t\t\t\t\t<div class=\"elementor-custom-embed\">\n\t\t\t<iframe frameborder=\"0\" scrolling=\"no\" marginheight=\"0\" marginwidth=\"0\"\n\t\t\t\t\tsrc=\"https:\/\/maps.google.com\/maps?q=Hotel%20Sotavento&#038;t=m&#038;z=15&#038;output=embed&#038;iwloc=near\"\n\t\t\t\t\ttitle=\"Hotel Sotavento\"\n\t\t\t\t\taria-label=\"Hotel Sotavento\"\n\t\t\t><\/iframe>\n\t\t<\/div>\n\t\t\t\t<\/div>\n\t\t\t\t<\/div>\n\t\t\t\t<div class=\"elementor-element elementor-element-2a327f17 elementor-position-left elementor-view-default elementor-mobile-position-top elementor-vertical-align-top elementor-widget elementor-widget-icon-box\" data-id=\"2a327f17\" data-element_type=\"widget\" data-widget_type=\"icon-box.default\">\n\t\t\t\t<div class=\"elementor-widget-container\">\n\t\t\t\t\t<div class=\"elementor-icon-box-wrapper\">\n\t\t\t\t\t\t<div class=\"elementor-icon-box-icon\">\n\t\t\t\t<span class=\"elementor-icon elementor-animation-\" >\n\t\t\t\t<i aria-hidden=\"true\" class=\"fas fa-map-marker-alt\"><\/i>\t\t\t\t<\/span>\n\t\t\t<\/div>\n\t\t\t\t\t\t<div class=\"elementor-icon-box-content\">\n\t\t\t\t<h3 class=\"elementor-icon-box-title\">\n\t\t\t\t\t<span  >\n\t\t\t\t\t\tPescador Street # D-8-3, Int. 1 Between Galeon Street, 77500, Cancun, Quintana Roo, Mexico\t\t\t\t\t<\/span>\n\t\t\t\t<\/h3>\n\t\t\t\t\t\t\t<\/div>\n\t\t<\/div>\n\t\t\t\t<\/div>\n\t\t\t\t<\/div>\n\t\t\t\t<div class=\"elementor-element elementor-element-2eda9d17 elementor-position-left elementor-view-default elementor-mobile-position-top elementor-vertical-align-top elementor-widget elementor-widget-icon-box\" data-id=\"2eda9d17\" data-element_type=\"widget\" data-widget_type=\"icon-box.default\">\n\t\t\t\t<div class=\"elementor-widget-container\">\n\t\t\t\t\t<div class=\"elementor-icon-box-wrapper\">\n\t\t\t\t\t\t<div class=\"elementor-icon-box-icon\">\n\t\t\t\t<span class=\"elementor-icon elementor-animation-\" >\n\t\t\t\t<i aria-hidden=\"true\" class=\"fas fa-phone-alt\"><\/i>\t\t\t\t<\/span>\n\t\t\t<\/div>\n\t\t\t\t\t\t<div class=\"elementor-icon-box-content\">\n\t\t\t\t<h3 class=\"elementor-icon-box-title\">\n\t\t\t\t\t<span  >\n\t\t\t\t\t\t+52 998 127 5063\t\t\t\t\t<\/span>\n\t\t\t\t<\/h3>\n\t\t\t\t\t\t\t<\/div>\n\t\t<\/div>\n\t\t\t\t<\/div>\n\t\t\t\t<\/div>\n\t\t\t\t<div class=\"elementor-element elementor-element-2da4311 elementor-position-left elementor-view-default elementor-mobile-position-top elementor-vertical-align-top elementor-widget elementor-widget-icon-box\" data-id=\"2da4311\" data-element_type=\"widget\" data-widget_type=\"icon-box.default\">\n\t\t\t\t<div class=\"elementor-widget-container\">\n\t\t\t\t\t<div class=\"elementor-icon-box-wrapper\">\n\t\t\t\t\t\t<div class=\"elementor-icon-box-icon\">\n\t\t\t\t<span class=\"elementor-icon elementor-animation-\" >\n\t\t\t\t<i aria-hidden=\"true\" class=\"far fa-envelope\"><\/i>\t\t\t\t<\/span>\n\t\t\t<\/div>\n\t\t\t\t\t\t<div class=\"elementor-icon-box-content\">\n\t\t\t\t<h3 class=\"elementor-icon-box-title\">\n\t\t\t\t\t<span  >\n\t\t\t\t\t\topsotaventocancun@gmail.com\t\t\t\t\t<\/span>\n\t\t\t\t<\/h3>\n\t\t\t\t\t\t\t<\/div>\n\t\t<\/div>\n\t\t\t\t<\/div>\n\t\t\t\t<\/div>\n\t\t\t\t\t\t<\/div>\n\t\t\t\t\t<\/div>\n\t\t<\/div>\n\t\t\t\t\t\t\t\t<\/div>\n\t\t\t\t\t<\/div>\n\t\t<\/section>\n\t\t\t\t\t\t\t\t\t<\/div>\n\t\t\t<\/div>\n\t\t\t\t\t<\/div>","protected":false},"excerpt":{"rendered":"<p>Hotel Sotavento &amp; Yacht Club Canc\u00fan Ponte en contacto con nosotros Contactanos Ponte en contacto con nosotros Calle Pescador # D-8-3, Int. 1 Entre Calle Gale\u00f3n, 77500, Canc\u00fan, Quintana Roo, M\u00e9xico +52 998 127 5063 opsotaventocancun@gmail.com<\/p>","protected":false},"author":1,"featured_media":0,"parent":0,"menu_order":0,"comment_status":"closed","ping_status":"closed","template":"elementor_header_footer","meta":[],"yoast_head":"<!-- This site is optimized with the Yoast SEO plugin v18.6 - https:\/\/yoast.com\/wordpress\/plugins\/seo\/ -->\n<title>Contacto | Hotel Sotavento &amp; Yatch Club Canc\u00fan<\/title>\n<meta name=\"description\" content=\"Ponte en contacto con nosotros. Hotel Sotavento se encuentra a solo 10 minutos de la ciudad de Canc\u00fan y a tan solo unos pasos de restaurantes de especialidades, plazas comerciales y por supuesto de los centros nocturnos que destellan el cielo oscuro de la ya conocida e internacional zona hotelera.\" \/>\n<meta name=\"robots\" content=\"index, follow, max-snippet:-1, max-image-preview:large, max-video-preview:-1\" \/>\n<link rel=\"canonical\" href=\"https:\/\/hotelsotavento.info\/en\/contacto\/\" \/>\n<meta property=\"og:locale\" content=\"en_US\" \/>\n<meta property=\"og:type\" content=\"article\" \/>\n<meta property=\"og:title\" content=\"Contacto | Hotel Sotavento &amp; Yatch Club Canc\u00fan\" \/>\n<meta property=\"og:description\" content=\"Ponte en contacto con nosotros. Hotel Sotavento se encuentra a solo 10 minutos de la ciudad de Canc\u00fan y a tan solo unos pasos de restaurantes de especialidades, plazas comerciales y por supuesto de los centros nocturnos que destellan el cielo oscuro de la ya conocida e internacional zona hotelera.\" \/>\n<meta property=\"og:url\" content=\"https:\/\/hotelsotavento.info\/en\/contacto\/\" \/>\n<meta property=\"og:site_name\" content=\"Sotavento\" \/>\n<meta property=\"article:modified_time\" content=\"2022-04-25T23:16:25+00:00\" \/>\n<meta property=\"og:image\" content=\"https:\/\/hotelsotavento.info\/wp-content\/uploads\/2021\/02\/hotel716.jpeg\" \/>\n\t<meta property=\"og:image:width\" content=\"810\" \/>\n\t<meta property=\"og:image:height\" content=\"608\" \/>\n\t<meta property=\"og:image:type\" content=\"image\/jpeg\" \/>\n<meta name=\"twitter:card\" content=\"summary_large_image\" \/>\n<meta name=\"twitter:title\" content=\"Contacto | Hotel Sotavento &amp; Yatch Club Canc\u00fan\" \/>\n<meta name=\"twitter:description\" content=\"Ponte en contacto con nosotros. Hotel Sotavento se encuentra a solo 10 minutos de la ciudad de Canc\u00fan y a tan solo unos pasos de restaurantes de especialidades, plazas comerciales y por supuesto de los centros nocturnos que destellan el cielo oscuro de la ya conocida e internacional zona hotelera.\" \/>\n<meta name=\"twitter:image\" content=\"https:\/\/hotelsotavento.info\/wp-content\/uploads\/2021\/02\/hotel716.jpeg\" \/>\n<meta name=\"twitter:label1\" content=\"Est. reading time\" \/>\n\t<meta name=\"twitter:data1\" content=\"1 minute\" \/>\n<script type=\"application\/ld+json\" class=\"yoast-schema-graph\">{\"@context\":\"https:\/\/schema.org\",\"@graph\":[{\"@type\":\"WebSite\",\"@id\":\"https:\/\/hotelsotavento.info\/#website\",\"url\":\"https:\/\/hotelsotavento.info\/\",\"name\":\"Sotavento\",\"description\":\"Otro sitio realizado con WordPress\",\"potentialAction\":[{\"@type\":\"SearchAction\",\"target\":{\"@type\":\"EntryPoint\",\"urlTemplate\":\"https:\/\/hotelsotavento.info\/?s={search_term_string}\"},\"query-input\":\"required name=search_term_string\"}],\"inLanguage\":\"en-US\"},{\"@type\":\"ImageObject\",\"@id\":\"https:\/\/hotelsotavento.info\/contacto\/#primaryimage\",\"inLanguage\":\"en-US\",\"url\":\"https:\/\/hotelsotavento.info\/wp-content\/uploads\/2021\/02\/hotel716.jpeg\",\"contentUrl\":\"https:\/\/hotelsotavento.info\/wp-content\/uploads\/2021\/02\/hotel716.jpeg\",\"width\":810,\"height\":608,\"caption\":\"Alberca\"},{\"@type\":\"WebPage\",\"@id\":\"https:\/\/hotelsotavento.info\/contacto\/#webpage\",\"url\":\"https:\/\/hotelsotavento.info\/contacto\/\",\"name\":\"Contacto | Hotel Sotavento & Yatch Club Canc\u00fan\",\"isPartOf\":{\"@id\":\"https:\/\/hotelsotavento.info\/#website\"},\"datePublished\":\"2021-01-10T03:48:07+00:00\",\"dateModified\":\"2022-04-25T23:16:25+00:00\",\"description\":\"Ponte en contacto con nosotros. Hotel Sotavento se encuentra a solo 10 minutos de la ciudad de Canc\u00fan y a tan solo unos pasos de restaurantes de especialidades, plazas comerciales y por supuesto de los centros nocturnos que destellan el cielo oscuro de la ya conocida e internacional zona hotelera.\",\"breadcrumb\":{\"@id\":\"https:\/\/hotelsotavento.info\/contacto\/#breadcrumb\"},\"inLanguage\":\"en-US\",\"potentialAction\":[{\"@type\":\"ReadAction\",\"target\":[\"https:\/\/hotelsotavento.info\/contacto\/\"]}]},{\"@type\":\"BreadcrumbList\",\"@id\":\"https:\/\/hotelsotavento.info\/contacto\/#breadcrumb\",\"itemListElement\":[{\"@type\":\"ListItem\",\"position\":1,\"name\":\"Portada\",\"item\":\"https:\/\/hotelsotavento.info\/\"},{\"@type\":\"ListItem\",\"position\":2,\"name\":\"Contacto\"}]}]}<\/script>\n<!-- \/ Yoast SEO plugin. -->","yoast_head_json":{"title":"Contacto | Hotel Sotavento & Yatch Club Canc\u00fan","description":"Ponte en contacto con nosotros. Hotel Sotavento se encuentra a solo 10 minutos de la ciudad de Canc\u00fan y a tan solo unos pasos de restaurantes de especialidades, plazas comerciales y por supuesto de los centros nocturnos que destellan el cielo oscuro de la ya conocida e internacional zona hotelera.","robots":{"index":"index","follow":"follow","max-snippet":"max-snippet:-1","max-image-preview":"max-image-preview:large","max-video-preview":"max-video-preview:-1"},"canonical":"https:\/\/hotelsotavento.info\/en\/contacto\/","og_locale":"en_US","og_type":"article","og_title":"Contacto | Hotel Sotavento & Yatch Club Canc\u00fan","og_description":"Ponte en contacto con nosotros. Hotel Sotavento se encuentra a solo 10 minutos de la ciudad de Canc\u00fan y a tan solo unos pasos de restaurantes de especialidades, plazas comerciales y por supuesto de los centros nocturnos que destellan el cielo oscuro de la ya conocida e internacional zona hotelera.","og_url":"https:\/\/hotelsotavento.info\/en\/contacto\/","og_site_name":"Sotavento","article_modified_time":"2022-04-25T23:16:25+00:00","og_image":[{"width":810,"height":608,"url":"https:\/\/hotelsotavento.info\/wp-content\/uploads\/2021\/02\/hotel716.jpeg","type":"image\/jpeg"}],"twitter_card":"summary_large_image","twitter_title":"Contacto | Hotel Sotavento & Yatch Club Canc\u00fan","twitter_description":"Ponte en contacto con nosotros. Hotel Sotavento se encuentra a solo 10 minutos de la ciudad de Canc\u00fan y a tan solo unos pasos de restaurantes de especialidades, plazas comerciales y por supuesto de los centros nocturnos que destellan el cielo oscuro de la ya conocida e internacional zona hotelera.","twitter_image":"https:\/\/hotelsotavento.info\/wp-content\/uploads\/2021\/02\/hotel716.jpeg","twitter_misc":{"Est. reading time":"1 minute"},"schema":{"@context":"https:\/\/schema.org","@graph":[{"@type":"WebSite","@id":"https:\/\/hotelsotavento.info\/#website","url":"https:\/\/hotelsotavento.info\/","name":"Sotavento","description":"Otro sitio realizado con WordPress","potentialAction":[{"@type":"SearchAction","target":{"@type":"EntryPoint","urlTemplate":"https:\/\/hotelsotavento.info\/?s={search_term_string}"},"query-input":"required name=search_term_string"}],"inLanguage":"en-US"},{"@type":"ImageObject","@id":"https:\/\/hotelsotavento.info\/contacto\/#primaryimage","inLanguage":"en-US","url":"https:\/\/hotelsotavento.info\/wp-content\/uploads\/2021\/02\/hotel716.jpeg","contentUrl":"https:\/\/hotelsotavento.info\/wp-content\/uploads\/2021\/02\/hotel716.jpeg","width":810,"height":608,"caption":"Alberca"},{"@type":"WebPage","@id":"https:\/\/hotelsotavento.info\/contacto\/#webpage","url":"https:\/\/hotelsotavento.info\/contacto\/","name":"Contacto | Hotel Sotavento & Yatch Club Canc\u00fan","isPartOf":{"@id":"https:\/\/hotelsotavento.info\/#website"},"datePublished":"2021-01-10T03:48:07+00:00","dateModified":"2022-04-25T23:16:25+00:00","description":"Ponte en contacto con nosotros. Hotel Sotavento se encuentra a solo 10 minutos de la ciudad de Canc\u00fan y a tan solo unos pasos de restaurantes de especialidades, plazas comerciales y por supuesto de los centros nocturnos que destellan el cielo oscuro de la ya conocida e internacional zona hotelera.","breadcrumb":{"@id":"https:\/\/hotelsotavento.info\/contacto\/#breadcrumb"},"inLanguage":"en-US","potentialAction":[{"@type":"ReadAction","target":["https:\/\/hotelsotavento.info\/contacto\/"]}]},{"@type":"BreadcrumbList","@id":"https:\/\/hotelsotavento.info\/contacto\/#breadcrumb","itemListElement":[{"@type":"ListItem","position":1,"name":"Portada","item":"https:\/\/hotelsotavento.info\/"},{"@type":"ListItem","position":2,"name":"Contacto"}]}]}},"_links":{"self":[{"href":"https:\/\/hotelsotavento.info\/en\/wp-json\/wp\/v2\/pages\/16"}],"collection":[{"href":"https:\/\/hotelsotavento.info\/en\/wp-json\/wp\/v2\/pages"}],"about":[{"href":"https:\/\/hotelsotavento.info\/en\/wp-json\/wp\/v2\/types\/page"}],"author":[{"embeddable":true,"href":"https:\/\/hotelsotavento.info\/en\/wp-json\/wp\/v2\/users\/1"}],"replies":[{"embeddable":true,"href":"https:\/\/hotelsotavento.info\/en\/wp-json\/wp\/v2\/comments?post=16"}],"version-history":[{"count":10,"href":"https:\/\/hotelsotavento.info\/en\/wp-json\/wp\/v2\/pages\/16\/revisions"}],"predecessor-version":[{"id":2570,"href":"https:\/\/hotelsotavento.info\/en\/wp-json\/wp\/v2\/pages\/16\/revisions\/2570"}],"wp:attachment":[{"href":"https:\/\/hotelsotavento.info\/en\/wp-json\/wp\/v2\/media?parent=16"}],"curies":[{"name":"wp","href":"https:\/\/api.w.org\/{rel}","templated":true}]}}